{"id":217,"date":"2024-07-17T11:45:59","date_gmt":"2024-07-17T11:45:59","guid":{"rendered":"http:\/\/solucoesinformaticas.com\/services\/"},"modified":"2024-08-12T11:33:14","modified_gmt":"2024-08-12T11:33:14","slug":"services","status":"publish","type":"page","link":"https:\/\/solucoesinformaticas.com\/?page_id=217","title":{"rendered":"Servi\u00e7os"},"content":{"rendered":"\n\n\t\t\t<h1>\n\t\t\t\t\tServi\u00e7os\n\t\t\t\t<\/h1>\n\t\t\t<h3>\n\t\t\t\t\tO que fazemos\n\t\t\t\t<\/h3>\n\t\t\t\t<img decoding=\"async\" src=\"https:\/\/solucoesinformaticas.com\/wp-content\/uploads\/2024\/07\/WebApp.png\" alt=\"WebApp\" itemprop=\"image\"\/>\n\t\t\t<h4>\n\t\t\t\t\tWeb Design\n\t\t\t\t<\/h4>\n\t\t\t<p>Desenvolvemos Websites institucionais com um layout \u00a0intuitivo e caracter\u00edsticas adequadas a cada cliente.<\/p>\n\t\t\t\t<img decoding=\"async\" src=\"https:\/\/solucoesinformaticas.com\/wp-content\/uploads\/2024\/07\/design-web-infographic-34040414.webp\" alt=\"design-web-infographic-34040414\" itemprop=\"image\"\/>\n\t\t\t<h4>\n\t\t\t\t\t<a href=\"https:\/\/solucoesinformaticas.com\/web%20development\" title=\"Web Development\" target=\"_blank\" rel=\"noopener\">\n\t\t\t\t\t\tWeb Development\n\t\t\t\t\t\t<\/a>\n\t\t\t<\/h4>\n\t\t\t<p>Nossa equipe projeta aplicativos web personalizados de acordo com seus prop\u00f3sitos e objetivos de neg\u00f3cios. As aplica\u00e7\u00f5es Web desenvolvidas por n\u00f3s s\u00e3o altamente eficientes e envolventes para os seus visitantes.<\/p>\n\t\t\t\t<img decoding=\"async\" src=\"https:\/\/solucoesinformaticas.com\/wp-content\/uploads\/2024\/07\/RedesPcc.jpg\" alt=\"RedesPcc\" itemprop=\"image\"\/>\n\t\t\t<h4>\n\t\t\t\t\tRedes Digitais\n\t\t\t\t<\/h4>\n\t\t\t<p>Instalamos e configuramos redes digitais de base at\u00e9 a atuializa\u00e7\u00e3o da sua rede funcional.<\/p>\n\t\t\t\t<img decoding=\"async\" src=\"https:\/\/solucoesinformaticas.com\/wp-content\/uploads\/2024\/07\/Consultoria-Images.jpg\" alt=\"Consultoria Images\" itemprop=\"image\"\/>\n\t\t\t<h4>\n\t\t\t\t\tConsultoria Inform\u00e1tica\n\t\t\t\t<\/h4>\n\t\t\t<p>Oferecemos uma ampla gama de servi\u00e7os de consultoria inform\u00e1tica, que incluem o desenvolvimento de software personalizado, a gest\u00e3o de redes e sistemas, a implementa\u00e7\u00e3o de solu\u00e7\u00f5es de seguran\u00e7a da informa\u00e7\u00e3o, entre outros.<\/p>\n\t\t\t\t<img decoding=\"async\" src=\"https:\/\/solucoesinformaticas.com\/wp-content\/uploads\/2024\/07\/ManutencaoImagesPc.jpg\" alt=\"ManutencaoImagesPc\" itemprop=\"image\"\/>\n\t\t\t<h4>\n\t\t\t\t\tManuten\u00e7\u00e3o\n\t\t\t\t<\/h4>\n\t\t\t<p>Estamos sempre prontos para atualizar o parque inform\u00e1tico existente em sua empresa. Fornecemos assist\u00eancia ininterrupta para manter a execu\u00e7\u00e3o do seu neg\u00f3cio sem falhas.<\/p>\n\t\t\t\t<img decoding=\"async\" src=\"https:\/\/solucoesinformaticas.com\/wp-content\/uploads\/2024\/07\/SuporteIT.jpg\" alt=\"SuporteIT\" itemprop=\"image\"\/>\n\t\t\t<h4>\n\t\t\t\t\tSuporte T\u00e9cnico\n\t\t\t\t<\/h4>\n\t\t\t<p>Oferecemos suporte para atualiza\u00e7\u00e3o de software e hardware, prote\u00e7\u00e3o contra virus e malware, treinamento de funcion\u00e1rios e suporte para dispositivos m\u00f3veis.<\/p>\n\t<ul>\n\t\t<li>\t\t\t\t\n\t\t<h3>Uma Empresa em quem pode confiar.<\/h3><p>Desenvolvemos e otimizamos ao longo destes +10 anos um modelo de trabalho e um conjunto de parcerias que nos permite assegurar este compromisso com cada um dos nossos clientes.<\/p><\/li>\t<\/ul>\n\t\t\t<a href=\"#\" target=\"_self\" role=\"button\" rel=\"noopener\">\n\t\t\t\t\t\tSolicite &#8211; nos\n\t\t<\/a>\n\t\t\t<h2>\n\t\t\t\t\tQual a opini\u00e3o dos nossos clientes\n\t\t\t\t<\/h2>\n\t\t\t<p>Curabitur aliquet quam id dui posuere blandit. Nulla quis lorem ut libero malesuada feugiat.<\/p>\n\t\t\t\t<img decoding=\"async\" src=\"https:\/\/solucoesinformaticas.com\/wp-content\/uploads\/bb-plugin\/cache\/testimonial-circle.jpg\" alt=\"testimonial\" itemprop=\"image\"\/>\n\t<p>Cras ultricies ligula sed magna dictum porta. Praesent sapien massa, convallis a pellentesque nec, egestas non nisi.Sed porttitor lectus nibh. Mauris blandit aliquet elit, eget pulvinar a.<\/p>\n\t\t\t<h5>\n\t\t\t\t\tHoward Chavez\n\t\t\t\t<\/h5>\n\t\t\t<p>Entrepreneur<\/p>\n\n","protected":false},"excerpt":{"rendered":"<p>Servi\u00e7os O que fazemos Web Design Desenvolvemos Websites institucionais com um layout \u00a0intuitivo e caracter\u00edsticas adequadas a cada cliente. Web Development Nossa equipe projeta aplicativos web personalizados de acordo com seus prop\u00f3sitos e objetivos de neg\u00f3cios. As aplica\u00e7\u00f5es Web desenvolvidas por n\u00f3s s\u00e3o altamente eficientes e envolventes para os seus visitantes. Redes Digitais Instalamos e [&hellip;]<\/p>\n","protected":false},"author":1,"featured_media":0,"parent":0,"menu_order":0,"comment_status":"closed","ping_status":"closed","template":"","meta":{"_editorskit_title_hidden":false,"_editorskit_reading_time":0,"_editorskit_is_block_options_detached":false,"_editorskit_block_options_position":"{}","_uag_custom_page_level_css":"","_monsterinsights_skip_tracking":false,"_monsterinsights_sitenote_active":false,"_monsterinsights_sitenote_note":"","_monsterinsights_sitenote_category":0,"site-sidebar-layout":"no-sidebar","site-content-layout":"page-builder","ast-site-content-layout":"full-width-container","site-content-style":"unboxed","site-sidebar-style":"unboxed","ast-global-header-display":"","ast-banner-title-visibility":"","ast-main-header-display":"","ast-hfb-above-header-display":"","ast-hfb-below-header-display":"","ast-hfb-mobile-header-display":"","site-post-title":"disabled","ast-breadcrumbs-content":"","ast-featured-img":"disabled","footer-sml-layout":"","theme-transparent-header-meta":"","adv-header-id-meta":"","stick-header-meta":"","header-above-stick-meta":"","header-main-stick-meta":"","header-below-stick-meta":"","astra-migrate-meta-layouts":"set","ast-page-background-enabled":"default","ast-page-background-meta":{"desktop":{"background-color":"","background-image":"","background-repeat":"repeat","background-position":"center center","background-size":"auto","background-attachment":"scroll","background-type":"","background-media":"","overlay-type":"","overlay-color":"","overlay-opacity":"","overlay-gradient":""},"tablet":{"background-color":"","background-image":"","background-repeat":"repeat","background-position":"center center","background-size":"auto","background-attachment":"scroll","background-type":"","background-media":"","overlay-type":"","overlay-color":"","overlay-opacity":"","overlay-gradient":""},"mobile":{"background-color":"","background-image":"","background-repeat":"repeat","background-position":"center center","background-size":"auto","background-attachment":"scroll","background-type":"","background-media":"","overlay-type":"","overlay-color":"","overlay-opacity":"","overlay-gradient":""}},"ast-content-background-meta":{"desktop":{"background-color":"var(--ast-global-color-5)","background-image":"","background-repeat":"repeat","background-position":"center center","background-size":"auto","background-attachment":"scroll","background-type":"","background-media":"","overlay-type":"","overlay-color":"","overlay-opacity":"","overlay-gradient":""},"tablet":{"background-color":"var(--ast-global-color-5)","background-image":"","background-repeat":"repeat","background-position":"center center","background-size":"auto","background-attachment":"scroll","background-type":"","background-media":"","overlay-type":"","overlay-color":"","overlay-opacity":"","overlay-gradient":""},"mobile":{"background-color":"var(--ast-global-color-5)","background-image":"","background-repeat":"repeat","background-position":"center center","background-size":"auto","background-attachment":"scroll","background-type":"","background-media":"","overlay-type":"","overlay-color":"","overlay-opacity":"","overlay-gradient":""}},"footnotes":""},"class_list":["post-217","page","type-page","status-publish","hentry"],"aioseo_notices":[],"uagb_featured_image_src":{"full":false,"thumbnail":false,"medium":false,"medium_large":false,"large":false,"1536x1536":false,"2048x2048":false,"menu-24x24":false,"menu-36x36":false,"menu-48x48":false},"uagb_author_info":{"display_name":"ibraimoabdala9@gmail.com","author_link":"https:\/\/solucoesinformaticas.com\/?author=1"},"uagb_comment_info":0,"uagb_excerpt":"Servi\u00e7os O que fazemos Web Design Desenvolvemos Websites institucionais com um layout \u00a0intuitivo e caracter\u00edsticas adequadas a cada cliente. Web Development Nossa equipe projeta aplicativos web personalizados de acordo com seus prop\u00f3sitos e objetivos de neg\u00f3cios. As aplica\u00e7\u00f5es Web desenvolvidas por n\u00f3s s\u00e3o altamente eficientes e envolventes para os seus visitantes. Redes Digitais Instalamos e&hellip;","_links":{"self":[{"href":"https:\/\/solucoesinformaticas.com\/index.php?rest_route=\/wp\/v2\/pages\/217"}],"collection":[{"href":"https:\/\/solucoesinformaticas.com\/index.php?rest_route=\/wp\/v2\/pages"}],"about":[{"href":"https:\/\/solucoesinformaticas.com\/index.php?rest_route=\/wp\/v2\/types\/page"}],"author":[{"embeddable":true,"href":"https:\/\/solucoesinformaticas.com\/index.php?rest_route=\/wp\/v2\/users\/1"}],"replies":[{"embeddable":true,"href":"https:\/\/solucoesinformaticas.com\/index.php?rest_route=%2Fwp%2Fv2%2Fcomments&post=217"}],"version-history":[{"count":47,"href":"https:\/\/solucoesinformaticas.com\/index.php?rest_route=\/wp\/v2\/pages\/217\/revisions"}],"predecessor-version":[{"id":1365,"href":"https:\/\/solucoesinformaticas.com\/index.php?rest_route=\/wp\/v2\/pages\/217\/revisions\/1365"}],"wp:attachment":[{"href":"https:\/\/solucoesinformaticas.com\/index.php?rest_route=%2Fwp%2Fv2%2Fmedia&parent=217"}],"curies":[{"name":"wp","href":"https:\/\/api.w.org\/{rel}","templated":true}]}}