{"id":230,"date":"2024-07-17T11:45:59","date_gmt":"2024-07-17T11:45:59","guid":{"rendered":"http:\/\/solucoesinformaticas.com\/our-staff\/"},"modified":"2024-08-12T11:14:40","modified_gmt":"2024-08-12T11:14:40","slug":"our-staff","status":"publish","type":"page","link":"https:\/\/solucoesinformaticas.com\/?page_id=230","title":{"rendered":"Nossa Equipa"},"content":{"rendered":"\n\n\t\t\t<h1>\n\t\t\t\t\tNossa equipa\n\t\t\t\t<\/h1>\n\t\t\t<h3>\n\t\t\t\t\tTemos uma equipa competente para cuidar do seu parque Inform\u00e1tico\n\t\t\t\t<\/h3>\n\t\t\t<p>Somos uma equipa que anseia construir uma carreira de sucesso e se destacar no mercado de trabalho, nos esfor\u00e7amos para desenvolver\u00a0habilidades\u00a0para que o nosso trabalho em equipe tenha \u00eaxito.<\/p>\n<p>\u00a0<\/p>\n<p>Unimos nossas capacidades, talentos e for\u00e7as para produzir tarefas que seriam dif\u00edcies de ser executada apenas por uma pessoa.<\/p>\n<p>\u00a0<\/p>\n<p>Apostamos no respeito em nosso ambiente de trabalho, na gest\u00e3o de conflitos dos nossos profissionais, na confian\u00e7a m\u00fatua, na comunica\u00e7\u00e3o para alinhar as metas e objetivos a serem alcan\u00e7ados pela esquipa.<\/p>\n<p>\u00a0<\/p>\n<p>Olhamos para a inova\u00e7\u00e3o como forma de alcan\u00e7ar sucesso da nossa empresa e estimulamos nossos colaboradores a serem proativos dentificando as situa\u00e7\u00f5es problem\u00e1ticas muito antes delas acontecerem.<\/p>\n\t\t\t\t<img decoding=\"async\" src=\"https:\/\/solucoesinformaticas.com\/wp-content\/uploads\/2024\/07\/Design-sem-nome-12-Photoroom.png\" alt=\"Design sem nome (12)-Photoroom\" itemprop=\"image\"\/>\n\t<ul>\n\t\t<li>\t\t\t\t\n\t\t<h3>Especialistas em Tecnologias de Informa\u00e7\u00e3o.<\/h3><p>Oferecer respostas simples, eficazes e de confian\u00e7a aos nossos clientes.<\/p><\/li>\t<\/ul>\n\t\t\t<a href=\"#\" target=\"_self\" role=\"button\" rel=\"noopener\">\n\t\t\t\t\t\tSolicite &#8211; nos\n\t\t<\/a>\n\t\t\t<h3>\n\t\t\t\t\tConhe\u00e7a a equipa\n\t\t\t\t<\/h3>\n\t\t\t<h4>\n\t\t\t\t\tIbraimo Abdala\n\t\t\t\t<\/h4>\n\t\t\t<p>Programador<\/p>\n\t\t\t<h4>\n\t\t\t\t\tAntonita Andrade\n\t\t\t\t<\/h4>\n\t\t\t<p>Respons\u00e1vel Financeira &amp; Administrativa<\/p>\n\n","protected":false},"excerpt":{"rendered":"<p>Nossa equipa Temos uma equipa competente para cuidar do seu parque Inform\u00e1tico Somos uma equipa que anseia construir uma carreira de sucesso e se destacar no mercado de trabalho, nos esfor\u00e7amos para desenvolver\u00a0habilidades\u00a0para que o nosso trabalho em equipe tenha \u00eaxito. \u00a0 Unimos nossas capacidades, talentos e for\u00e7as para produzir tarefas que seriam dif\u00edcies de [&hellip;]<\/p>\n","protected":false},"author":1,"featured_media":0,"parent":0,"menu_order":0,"comment_status":"closed","ping_status":"closed","template":"","meta":{"_editorskit_title_hidden":false,"_editorskit_reading_time":0,"_editorskit_is_block_options_detached":false,"_editorskit_block_options_position":"{}","_uag_custom_page_level_css":"","_monsterinsights_skip_tracking":false,"_monsterinsights_sitenote_active":false,"_monsterinsights_sitenote_note":"","_monsterinsights_sitenote_category":0,"site-sidebar-layout":"no-sidebar","site-content-layout":"page-builder","ast-site-content-layout":"full-width-container","site-content-style":"unboxed","site-sidebar-style":"unboxed","ast-global-header-display":"","ast-banner-title-visibility":"","ast-main-header-display":"","ast-hfb-above-header-display":"","ast-hfb-below-header-display":"","ast-hfb-mobile-header-display":"","site-post-title":"disabled","ast-breadcrumbs-content":"","ast-featured-img":"disabled","footer-sml-layout":"","theme-transparent-header-meta":"","adv-header-id-meta":"","stick-header-meta":"","header-above-stick-meta":"","header-main-stick-meta":"","header-below-stick-meta":"","astra-migrate-meta-layouts":"set","ast-page-background-enabled":"default","ast-page-background-meta":{"desktop":{"background-color":"","background-image":"","background-repeat":"repeat","background-position":"center center","background-size":"auto","background-attachment":"scroll","background-type":"","background-media":"","overlay-type":"","overlay-color":"","overlay-opacity":"","overlay-gradient":""},"tablet":{"background-color":"","background-image":"","background-repeat":"repeat","background-position":"center center","background-size":"auto","background-attachment":"scroll","background-type":"","background-media":"","overlay-type":"","overlay-color":"","overlay-opacity":"","overlay-gradient":""},"mobile":{"background-color":"","background-image":"","background-repeat":"repeat","background-position":"center center","background-size":"auto","background-attachment":"scroll","background-type":"","background-media":"","overlay-type":"","overlay-color":"","overlay-opacity":"","overlay-gradient":""}},"ast-content-background-meta":{"desktop":{"background-color":"var(--ast-global-color-5)","background-image":"","background-repeat":"repeat","background-position":"center center","background-size":"auto","background-attachment":"scroll","background-type":"","background-media":"","overlay-type":"","overlay-color":"","overlay-opacity":"","overlay-gradient":""},"tablet":{"background-color":"var(--ast-global-color-5)","background-image":"","background-repeat":"repeat","background-position":"center center","background-size":"auto","background-attachment":"scroll","background-type":"","background-media":"","overlay-type":"","overlay-color":"","overlay-opacity":"","overlay-gradient":""},"mobile":{"background-color":"var(--ast-global-color-5)","background-image":"","background-repeat":"repeat","background-position":"center center","background-size":"auto","background-attachment":"scroll","background-type":"","background-media":"","overlay-type":"","overlay-color":"","overlay-opacity":"","overlay-gradient":""}},"footnotes":""},"class_list":["post-230","page","type-page","status-publish","hentry"],"aioseo_notices":[],"uagb_featured_image_src":{"full":false,"thumbnail":false,"medium":false,"medium_large":false,"large":false,"1536x1536":false,"2048x2048":false,"menu-24x24":false,"menu-36x36":false,"menu-48x48":false},"uagb_author_info":{"display_name":"ibraimoabdala9@gmail.com","author_link":"https:\/\/solucoesinformaticas.com\/?author=1"},"uagb_comment_info":0,"uagb_excerpt":"Nossa equipa Temos uma equipa competente para cuidar do seu parque Inform\u00e1tico Somos uma equipa que anseia construir uma carreira de sucesso e se destacar no mercado de trabalho, nos esfor\u00e7amos para desenvolver\u00a0habilidades\u00a0para que o nosso trabalho em equipe tenha \u00eaxito. \u00a0 Unimos nossas capacidades, talentos e for\u00e7as para produzir tarefas que seriam dif\u00edcies de&hellip;","_links":{"self":[{"href":"https:\/\/solucoesinformaticas.com\/index.php?rest_route=\/wp\/v2\/pages\/230"}],"collection":[{"href":"https:\/\/solucoesinformaticas.com\/index.php?rest_route=\/wp\/v2\/pages"}],"about":[{"href":"https:\/\/solucoesinformaticas.com\/index.php?rest_route=\/wp\/v2\/types\/page"}],"author":[{"embeddable":true,"href":"https:\/\/solucoesinformaticas.com\/index.php?rest_route=\/wp\/v2\/users\/1"}],"replies":[{"embeddable":true,"href":"https:\/\/solucoesinformaticas.com\/index.php?rest_route=%2Fwp%2Fv2%2Fcomments&post=230"}],"version-history":[{"count":39,"href":"https:\/\/solucoesinformaticas.com\/index.php?rest_route=\/wp\/v2\/pages\/230\/revisions"}],"predecessor-version":[{"id":1362,"href":"https:\/\/solucoesinformaticas.com\/index.php?rest_route=\/wp\/v2\/pages\/230\/revisions\/1362"}],"wp:attachment":[{"href":"https:\/\/solucoesinformaticas.com\/index.php?rest_route=%2Fwp%2Fv2%2Fmedia&parent=230"}],"curies":[{"name":"wp","href":"https:\/\/api.w.org\/{rel}","templated":true}]}}