{"id":995,"date":"2024-07-17T11:45:58","date_gmt":"2024-07-17T11:45:58","guid":{"rendered":"http:\/\/solucoesinformaticas.com\/home\/"},"modified":"2024-08-12T10:27:29","modified_gmt":"2024-08-12T10:27:29","slug":"home","status":"publish","type":"page","link":"https:\/\/solucoesinformaticas.com\/","title":{"rendered":"Casa"},"content":{"rendered":"\n\n\t\t\t<h1>\n\t\t\t\t\t<a href=\"https:\/\/solucoesinformaticas.com\" title=\"A solu\u00e7\u00e3o certa para o seu neg\u00f3cio\" target=\"_self\" rel=\"noopener\">\n\t\t\t\t\t\tA solu\u00e7\u00e3o certa para o seu neg\u00f3cio\n\t\t\t\t\t\t<\/a>\n\t\t\t<\/h1>\n\t\t\t<p>Oferecemos solu\u00e7\u00f5es inform\u00e1ticas para a sua empresa, contribuindo para\u00a0 otmiza\u00e7\u00e3o do seu parque tecnol\u00f3gico e permitindo que seu foco esteja completamente virado para atividade do seu neg\u00f3cio, disponibilizando maior controle sobre todos os seus recursos financeiros, organizacionais e administrativos, visando os princ\u00edpios da efici\u00eancia e efic\u00e1cia.<\/p>\n\t\t\t<a href=\"#\" target=\"_self\" role=\"button\" rel=\"noopener\">\n\t\t\t\t\t\tSolicite &#8211; nos\n\t\t<\/a>\n\t\t\t\t<img decoding=\"async\" src=\"https:\/\/solucoesinformaticas.com\/wp-content\/uploads\/2024\/07\/Computers.jpg\" alt=\"Computers\" itemprop=\"image\"\/>\n\t<ul>\n\t\t<li>\t\t\t\t\n\t\t<h3>Uma Empresa de Inform\u00e1tica de confian\u00e7a.<\/h3><p>Nossos clientes s\u00e3o muito importante para n\u00f3s.<\/p><\/li>\t<\/ul>\n\t\t\t<a href=\"https:\/\/solucoesinformaticas.com\" target=\"_self\" role=\"button\" rel=\"noopener\">\n\t\t\t\t\t\tSolicite &#8211; nos\n\t\t<\/a>\n\t\t\t<h3>\n\t\t\t\t\tServi\u00e7os de IT para empresas\n\t\t\t\t<\/h3>\n\t\t\t<p>Somos a solu\u00e7\u00e3o certa para manter seu neg\u00f3cio operacional.\u00a0<\/p>\n\t\t\t<h4>\n\t\t\t\t\tcria\u00e7\u00e3o de website\n\t\t\t\t<\/h4>\n\t\t\t<h4>\n\t\t\t\t\tDesenvolvimento de Aplica\u00e7\u00f5es\n\t\t\t\t<\/h4>\n\t\t\t<h4>\n\t\t\t\t\tRedes Digitais\n\t\t\t\t<\/h4>\n\t\t\t<h4>\n\t\t\t\t\tConsultoria Inform\u00e1tica\n\t\t\t\t<\/h4>\n\t\t\t<h4>\n\t\t\t\t\tManuten\u00e7\u00e3o Inform\u00e1tica\n\t\t\t\t<\/h4>\n\t\t\t<h4>\n\t\t\t\t\tSuporte T\u00e9cnico\n\t\t\t\t<\/h4>\n\t\t\t<h3>\n\t\t\t\t\t<a href=\"https:\/\/solucoesinformaticas.com\" title=\"Porqu\u00ea escolher a Solu\u00e7\u00f5es Inform\u00e1ticas.\" target=\"_self\" rel=\"noopener\">\n\t\t\t\t\t\tPorqu\u00ea escolher a Solu\u00e7\u00f5es Inform\u00e1ticas.\n\t\t\t\t\t\t<\/a>\n\t\t\t<\/h3>\n\t\t\t<p>Na SI &#8211; Solu\u00e7\u00f5es Inform\u00e1ticas, Lda trabalhamos para que as tecnologias de informa\u00e7\u00e3o das empresas trabalhem da forma mais atualizada poss\u00edvel, com inova\u00e7\u00e3o, efic\u00e1cia e prote\u00e7\u00e3o.<\/p>\n\t<ul>\n\t\t<li>\t\t\t\t\n\t\t<h4>Edi\u00e7\u00e3o de programas<\/h4><p>Desenvolvimento de Aplica\u00e7\u00f5es web e P\u00e1ginas web por medida.<\/p><\/li><li>\t\t\t\t\n\t\t<h4>Seguran\u00e7a Inform\u00e1tica<\/h4><p>Gest\u00e3o de infraestruturas de TI, seguran\u00e7a de redes e Endpoints, E-mails seguro para empresas.<\/p><\/li><li>\t\t\t\t\n\t\t<h4>Datacenter e infraestruturas <\/h4><p>Cloud Services e Datacenter, Backup e Recupera\u00e7\u00e3o de dados, Cablagem Estruturada e Certificada, Redes e Wireless Empresariais.<\/p><\/li>\t<\/ul>\n\t<ul>\n\t\t<li>\t\t\t\t\n\t\t<h4>Consultoria e Auditoria Inform\u00e1tica<\/h4><p>Cria\u00e7\u00e3o de projetos de sucesso que permitem otimizar e rentabilizar o seu investimento.<\/p><\/li><li>\t\t\t\t\n\t\t<h4>Assist\u00eancia inform\u00e1tica para empresas<\/h4><p>Presta\u00e7\u00e3o de assist\u00eancia e manuten\u00e7\u00e3o inform\u00e1tica como forma de garatir a seguran\u00e7a de informa\u00e7\u00e3o e tecnologias, disponibilidade da informa\u00e7\u00e3o, prote\u00e7\u00e3o do neg\u00f3cio, fiabilidade e rentabilidade.<\/p><\/li><li>\t\t\t\t\n\t\t<h4>Outsourcing de inform\u00e1tica<\/h4><p>Departamentos de terceriza\u00e7\u00e3o inform\u00e1tica na sua empresa com vista a reduzir custos, oferecer recursos t\u00e9cnicos adequados \u00e0s suas necessidades, gest\u00e3o otimizada e centralizada de recursos, maior produtividade das suas equipas.\u00a0<\/p><\/li>\t<\/ul>\n\t\t\t<h3>\n\t\t\t\t\tQual a opini\u00e3o dos nossos clientes\n\t\t\t\t<\/h3>\n\t\t\t\t<img decoding=\"async\" src=\"https:\/\/solucoesinformaticas.com\/wp-content\/uploads\/bb-plugin\/cache\/escola-150x150-circle.jpg\" alt=\"escola\" itemprop=\"image\"\/>\n\t<p>N\u00f3s contratamos a Solu\u00e7\u00f5es Inform\u00e1ticas, Lda para o desenho da nossa p\u00e1gina web, e sem d\u00favida notamos compromentimento, ir al\u00e9m do combinado, atendimento \u00e1gil e eficaz e aten\u00e7\u00e3o as reclama\u00e7\u00f5es.<\/p>\n\t\t\t<h5>\n\t\t\t\t\tEscola b\u00e1sica nova presid\u00eancia\n\t\t\t\t<\/h5>\n\n","protected":false},"excerpt":{"rendered":"<p>A solu\u00e7\u00e3o certa para o seu neg\u00f3cio Oferecemos solu\u00e7\u00f5es inform\u00e1ticas para a sua empresa, contribuindo para\u00a0 otmiza\u00e7\u00e3o do seu parque tecnol\u00f3gico e permitindo que seu foco esteja completamente virado para atividade do seu neg\u00f3cio, disponibilizando maior controle sobre todos os seus recursos financeiros, organizacionais e administrativos, visando os princ\u00edpios da efici\u00eancia e efic\u00e1cia. Solicite &#8211; [&hellip;]<\/p>\n","protected":false},"author":1,"featured_media":0,"parent":0,"menu_order":0,"comment_status":"closed","ping_status":"closed","template":"","meta":{"_editorskit_title_hidden":false,"_editorskit_reading_time":0,"_editorskit_is_block_options_detached":false,"_editorskit_block_options_position":"{}","_uag_custom_page_level_css":"","_monsterinsights_skip_tracking":false,"_monsterinsights_sitenote_active":false,"_monsterinsights_sitenote_note":"","_monsterinsights_sitenote_category":0,"site-sidebar-layout":"no-sidebar","site-content-layout":"page-builder","ast-site-content-layout":"full-width-container","site-content-style":"unboxed","site-sidebar-style":"unboxed","ast-global-header-display":"","ast-banner-title-visibility":"","ast-main-header-display":"","ast-hfb-above-header-display":"","ast-hfb-below-header-display":"","ast-hfb-mobile-header-display":"","site-post-title":"disabled","ast-breadcrumbs-content":"","ast-featured-img":"disabled","footer-sml-layout":"","theme-transparent-header-meta":"","adv-header-id-meta":"","stick-header-meta":"","header-above-stick-meta":"","header-main-stick-meta":"","header-below-stick-meta":"","astra-migrate-meta-layouts":"set","ast-page-background-enabled":"default","ast-page-background-meta":{"desktop":{"background-color":"","background-image":"","background-repeat":"repeat","background-position":"center center","background-size":"auto","background-attachment":"scroll","background-type":"","background-media":"","overlay-type":"","overlay-color":"","overlay-opacity":"","overlay-gradient":""},"tablet":{"background-color":"","background-image":"","background-repeat":"repeat","background-position":"center center","background-size":"auto","background-attachment":"scroll","background-type":"","background-media":"","overlay-type":"","overlay-color":"","overlay-opacity":"","overlay-gradient":""},"mobile":{"background-color":"","background-image":"","background-repeat":"repeat","background-position":"center center","background-size":"auto","background-attachment":"scroll","background-type":"","background-media":"","overlay-type":"","overlay-color":"","overlay-opacity":"","overlay-gradient":""}},"ast-content-background-meta":{"desktop":{"background-color":"var(--ast-global-color-5)","background-image":"","background-repeat":"repeat","background-position":"center center","background-size":"auto","background-attachment":"scroll","background-type":"","background-media":"","overlay-type":"","overlay-color":"","overlay-opacity":"","overlay-gradient":""},"tablet":{"background-color":"var(--ast-global-color-5)","background-image":"","background-repeat":"repeat","background-position":"center center","background-size":"auto","background-attachment":"scroll","background-type":"","background-media":"","overlay-type":"","overlay-color":"","overlay-opacity":"","overlay-gradient":""},"mobile":{"background-color":"var(--ast-global-color-5)","background-image":"","background-repeat":"repeat","background-position":"center center","background-size":"auto","background-attachment":"scroll","background-type":"","background-media":"","overlay-type":"","overlay-color":"","overlay-opacity":"","overlay-gradient":""}},"footnotes":""},"class_list":["post-995","page","type-page","status-publish","hentry"],"aioseo_notices":[],"uagb_featured_image_src":{"full":false,"thumbnail":false,"medium":false,"medium_large":false,"large":false,"1536x1536":false,"2048x2048":false,"menu-24x24":false,"menu-36x36":false,"menu-48x48":false},"uagb_author_info":{"display_name":"ibraimoabdala9@gmail.com","author_link":"https:\/\/solucoesinformaticas.com\/?author=1"},"uagb_comment_info":0,"uagb_excerpt":"A solu\u00e7\u00e3o certa para o seu neg\u00f3cio Oferecemos solu\u00e7\u00f5es inform\u00e1ticas para a sua empresa, contribuindo para\u00a0 otmiza\u00e7\u00e3o do seu parque tecnol\u00f3gico e permitindo que seu foco esteja completamente virado para atividade do seu neg\u00f3cio, disponibilizando maior controle sobre todos os seus recursos financeiros, organizacionais e administrativos, visando os princ\u00edpios da efici\u00eancia e efic\u00e1cia. Solicite &#8211;&hellip;","_links":{"self":[{"href":"https:\/\/solucoesinformaticas.com\/index.php?rest_route=\/wp\/v2\/pages\/995"}],"collection":[{"href":"https:\/\/solucoesinformaticas.com\/index.php?rest_route=\/wp\/v2\/pages"}],"about":[{"href":"https:\/\/solucoesinformaticas.com\/index.php?rest_route=\/wp\/v2\/types\/page"}],"author":[{"embeddable":true,"href":"https:\/\/solucoesinformaticas.com\/index.php?rest_route=\/wp\/v2\/users\/1"}],"replies":[{"embeddable":true,"href":"https:\/\/solucoesinformaticas.com\/index.php?rest_route=%2Fwp%2Fv2%2Fcomments&post=995"}],"version-history":[{"count":51,"href":"https:\/\/solucoesinformaticas.com\/index.php?rest_route=\/wp\/v2\/pages\/995\/revisions"}],"predecessor-version":[{"id":1358,"href":"https:\/\/solucoesinformaticas.com\/index.php?rest_route=\/wp\/v2\/pages\/995\/revisions\/1358"}],"wp:attachment":[{"href":"https:\/\/solucoesinformaticas.com\/index.php?rest_route=%2Fwp%2Fv2%2Fmedia&parent=995"}],"curies":[{"name":"wp","href":"https:\/\/api.w.org\/{rel}","templated":true}]}}